{"id":63,"date":"2023-11-28T11:25:00","date_gmt":"2023-11-28T11:25:00","guid":{"rendered":"https:\/\/dansemble.de\/?page_id=63"},"modified":"2024-04-24T10:51:06","modified_gmt":"2024-04-24T10:51:06","slug":"freestyle-kids","status":"publish","type":"page","link":"https:\/\/dansemble.de\/index.php\/kindertanz\/freestyle-kids\/","title":{"rendered":"Freestyle &#8211; Kids."},"content":{"rendered":"\n<p style=\"font-style:normal;font-weight:700\">Format:            Workshops, fortlaufende Kurse, Projekttage (inkl. Auff\u00fchrung, wenn gew\u00fcnscht)<\/p>\n\n\n\n<p style=\"font-style:normal;font-weight:700\">Zielgruppe:      Kinder ab Grundschulalter, Jugendliche<\/p>\n\n\n\n<p style=\"font-style:normal;font-weight:700\">Dauer:              1,5 Stunden pro Einheit; intensivere Gestaltung m\u00f6glich, je nach Altersklasse<\/p>\n\n\n\n<p style=\"font-style:normal;font-weight:700\">Stil:                   Hip-Hop Basics, Tanzimprovisation &amp; Komposition, akrobatische Elemente (je nach Alter)<\/p>\n\n\n\n<p style=\"font-style:normal;font-weight:700\">Niveau:            Offenes Level \u2013 keine Vorkenntnisse n\u00f6tig<\/p>\n\n\n\n<p style=\"font-style:normal;font-weight:700\">Geeignet f\u00fcr:   p\u00e4dagogische Kontexte, Schulen, Ferienfreizeiten, Kultureinrichtungen,                               Jugendzentren, Tanzstudios, Empowerment Projekte, private Veranstaltungen (Geburtstage etc.),  Sport und Gesundheit<\/p>\n\n\n\n<p style=\"font-style:normal;font-weight:700\">Kurzbeschreibung: Kreativit\u00e4t, Gruppengef\u00fchl, Zusammenhalt, Ressourcenentfaltung, St\u00e4rkung des Selbstbewusstseins, Umsetzung von neu gelerntem, F\u00f6rderung der Kondition und Koordination.<\/p>\n\n\n\n<p><\/p>\n\n\n\n<p><\/p>\n\n\n\n<p>Wer in einer Gruppe von Kindern ab dem Grundschulalter besonderen Zusammenhalt und gleichzeitig das individuelle Selbstbewusstsein f\u00f6rdern m\u00f6chte, liegt mit dem tanzp\u00e4dagogischen Konzept \u201eFreestyle-Kids\u201c genau richtig.<br>Am meisten erprobt wird das Konzept im Rahmen von Ferienprogrammen an Grundschulen und Jugendzentren, bei dem sich die Kids in eine intensive, einw\u00f6chige Trainingszeit begeben und wenn gewollt, auf eine Auff\u00fchrung hinarbeiten.<br>Die Einheiten bestehen mindestens aus 1,5 Stunden damit reichlich Zeit bleibt, neben dem Tanzen auch zu spielen, einander kennenzulernen, warm zu werden und Vertrauen zu fassen. Gefolgt von einer spielerischen Phase, werden die Kinder eingef\u00fchrt in die Geschichte des Hip Hop und des Freestyles, um f\u00fcr den Ursprung des Tanzstils, der \u201eAttitude\u201c und f\u00fcr die Emotionen, die mit dem Genre einhergehen, sensibilisiert zu werden. Hierbei werden die Kinder involvierter und f\u00fchlen sich angesprochen, w\u00e4hrend sie Schnittpunkte entdecken und bestimmte Momente ihres Lebens mit dem Erz\u00e4hlten in Zusammenhang setzen k\u00f6nnen. Sowohl Themen wie Streit, Frust, Unterdr\u00fcckung und Wut als auch Widerstand, Befreiung, Zusammenhalt und Empowerment stehen dabei im Vordergrund. Das Hineinfinden in die damit einhergehende Emotionalit\u00e4t bereitet die Kinder vor, entsprechende Bewegungsqualit\u00e4ten zu entfalten.<br>Dies geschieht unter der Anleitung eines Unterrichtsstils, der sich aus imitativen und kreativen Einheiten<br>zusammensetzt, w\u00e4hrend die kreativen Aufgaben \u00fcberwiegen. Diese werden teils in Kleingruppen, zu zweit oder auch in der gro\u00dfen Gruppe ausgef\u00fchrt. Die Kinder sind durch die gro\u00dfe Eigenverantwortung ihrer \u201ekleinen Kompositionen\u201c und freestyles v\u00f6llig eingespannt und selbstwirksam. <br>Sie integrieren die neu erlernten Bewegungen, sowie die sich aufbauende Bewegungsqualit\u00e4t und verbinden diese mit ihrem eigenen Stil. <br>Ihre Ressourcen werden sowohl im freestyle als auch in der<br>Gestaltung freigesetzt und von der Gruppe best\u00e4rkt und zelebriert.<\/p>\n\n\n\n<figure class=\"wp-block-image size-large is-style-default wp-duotone-unset-1\"><img loading=\"lazy\" decoding=\"async\" width=\"683\" height=\"1024\" src=\"https:\/\/dansemble.de\/wp-content\/uploads\/2023\/11\/cropped-TKR-328-5XF-001_1681905692768-min-scaled-1-683x1024.jpg\" alt=\"\" class=\"wp-image-37\" srcset=\"https:\/\/dansemble.de\/wp-content\/uploads\/2023\/11\/cropped-TKR-328-5XF-001_1681905692768-min-scaled-1-683x1024.jpg 683w, https:\/\/dansemble.de\/wp-content\/uploads\/2023\/11\/cropped-TKR-328-5XF-001_1681905692768-min-scaled-1-200x300.jpg 200w, https:\/\/dansemble.de\/wp-content\/uploads\/2023\/11\/cropped-TKR-328-5XF-001_1681905692768-min-scaled-1-768x1151.jpg 768w, https:\/\/dansemble.de\/wp-content\/uploads\/2023\/11\/cropped-TKR-328-5XF-001_1681905692768-min-scaled-1-1025x1536.jpg 1025w, https:\/\/dansemble.de\/wp-content\/uploads\/2023\/11\/cropped-TKR-328-5XF-001_1681905692768-min-scaled-1-1367x2048.jpg 1367w, https:\/\/dansemble.de\/wp-content\/uploads\/2023\/11\/cropped-TKR-328-5XF-001_1681905692768-min-scaled-1-1140x1708.jpg 1140w, https:\/\/dansemble.de\/wp-content\/uploads\/2023\/11\/cropped-TKR-328-5XF-001_1681905692768-min-scaled-1.jpg 1500w\" sizes=\"auto, (max-width: 683px) 100vw, 683px\" \/><\/figure>\n","protected":false},"excerpt":{"rendered":"<p>Format: Workshops, fortlaufende Kurse, Projekttage (inkl. Auff\u00fchrung, wenn gew\u00fcnscht) Zielgruppe: Kinder ab Grundschulalter, Jugendliche Dauer: 1,5 Stunden pro Einheit; intensivere Gestaltung m\u00f6glich, je nach Altersklasse Stil: Hip-Hop Basics, Tanzimprovisation &amp; Komposition, akrobatische Elemente (je nach Alter) Niveau: Offenes Level \u2013 keine Vorkenntnisse n\u00f6tig Geeignet f\u00fcr: p\u00e4dagogische Kontexte, Schulen, Ferienfreizeiten, Kultureinrichtungen, Jugendzentren, Tanzstudios, Empowerment Projekte, private Veranstaltungen (Geburtstage etc.), Sport und Gesundheit Kurzbeschreibung: Kreativit\u00e4t, Gruppengef\u00fchl, Zusammenhalt, Ressourcenentfaltung, St\u00e4rkung des Selbstbewusstseins, Umsetzung von neu gelerntem, F\u00f6rderung der Kondition und Koordination. Wer in einer Gruppe von Kindern ab dem Grundschulalter besonderen Zusammenhalt und gleichzeitig das individuelle Selbstbewusstsein f\u00f6rdern m\u00f6chte, liegt mit dem tanzp\u00e4dagogischen Konzept \u201eFreestyle-Kids\u201c genau richtig.Am meisten erprobt wird das Konzept im Rahmen von Ferienprogrammen an Grundschulen und Jugendzentren, bei dem sich die Kids in eine intensive, einw\u00f6chige Trainingszeit begeben und wenn gewollt, auf eine Auff\u00fchrung hinarbeiten.Die Einheiten bestehen mindestens aus 1,5 Stunden damit reichlich Zeit bleibt, neben dem Tanzen auch zu spielen, einander kennenzulernen, warm zu werden und Vertrauen zu fassen. Gefolgt von einer spielerischen Phase, werden die Kinder eingef\u00fchrt in die Geschichte des Hip Hop und des Freestyles, um f\u00fcr den Ursprung des Tanzstils, der \u201eAttitude\u201c und f\u00fcr die Emotionen, die mit dem Genre einhergehen, sensibilisiert zu werden. Hierbei werden die Kinder involvierter und f\u00fchlen sich angesprochen, w\u00e4hrend sie Schnittpunkte entdecken und bestimmte Momente ihres Lebens mit dem Erz\u00e4hlten in Zusammenhang setzen k\u00f6nnen. Sowohl Themen wie Streit, Frust, Unterdr\u00fcckung und Wut als auch Widerstand, Befreiung, Zusammenhalt und Empowerment stehen dabei im Vordergrund. Das Hineinfinden in die damit einhergehende Emotionalit\u00e4t bereitet die Kinder vor, entsprechende Bewegungsqualit\u00e4ten zu entfalten.Dies geschieht unter der Anleitung eines Unterrichtsstils, der sich aus imitativen und kreativen Einheitenzusammensetzt, w\u00e4hrend die kreativen Aufgaben \u00fcberwiegen. Diese werden teils in Kleingruppen, zu zweit oder auch in der gro\u00dfen Gruppe ausgef\u00fchrt. Die Kinder sind durch die gro\u00dfe Eigenverantwortung ihrer \u201ekleinen Kompositionen\u201c und freestyles v\u00f6llig eingespannt und selbstwirksam. Sie integrieren die neu erlernten Bewegungen, sowie die sich aufbauende Bewegungsqualit\u00e4t und verbinden diese mit ihrem eigenen Stil. Ihre Ressourcen werden sowohl im freestyle als auch in derGestaltung freigesetzt und von der Gruppe best\u00e4rkt und zelebriert.<\/p>\n","protected":false},"author":2,"featured_media":0,"parent":55,"menu_order":0,"comment_status":"closed","ping_status":"closed","template":"","meta":{"footnotes":""},"class_list":["post-63","page","type-page","status-publish","hentry"],"_links":{"self":[{"href":"https:\/\/dansemble.de\/index.php\/wp-json\/wp\/v2\/pages\/63","targetHints":{"allow":["GET"]}}],"collection":[{"href":"https:\/\/dansemble.de\/index.php\/wp-json\/wp\/v2\/pages"}],"about":[{"href":"https:\/\/dansemble.de\/index.php\/wp-json\/wp\/v2\/types\/page"}],"author":[{"embeddable":true,"href":"https:\/\/dansemble.de\/index.php\/wp-json\/wp\/v2\/users\/2"}],"replies":[{"embeddable":true,"href":"https:\/\/dansemble.de\/index.php\/wp-json\/wp\/v2\/comments?post=63"}],"version-history":[{"count":7,"href":"https:\/\/dansemble.de\/index.php\/wp-json\/wp\/v2\/pages\/63\/revisions"}],"predecessor-version":[{"id":115,"href":"https:\/\/dansemble.de\/index.php\/wp-json\/wp\/v2\/pages\/63\/revisions\/115"}],"up":[{"embeddable":true,"href":"https:\/\/dansemble.de\/index.php\/wp-json\/wp\/v2\/pages\/55"}],"wp:attachment":[{"href":"https:\/\/dansemble.de\/index.php\/wp-json\/wp\/v2\/media?parent=63"}],"curies":[{"name":"wp","href":"https:\/\/api.w.org\/{rel}","templated":true}]}}